{"id":1213,"date":"2023-10-13T09:50:07","date_gmt":"2023-10-13T07:50:07","guid":{"rendered":"https:\/\/relaunch.fluegge-consulting.com\/imprint\/"},"modified":"2024-02-15T00:51:18","modified_gmt":"2024-02-14T23:51:18","slug":"imprint","status":"publish","type":"page","link":"https:\/\/fluegge-consulting.com\/en\/imprint\/","title":{"rendered":"Legal Notice"},"content":{"rendered":"\t\t<div data-elementor-type=\"wp-page\" data-elementor-id=\"1213\" class=\"elementor elementor-1213 elementor-763\" data-elementor-post-type=\"page\">\n\t\t\t\t<div class=\"elementor-element elementor-element-14c4e9e e-flex e-con-boxed e-con e-parent\" data-id=\"14c4e9e\" data-element_type=\"container\" data-e-type=\"container\">\n\t\t\t\t\t<div class=\"e-con-inner\">\n\t\t\t\t<div class=\"elementor-element elementor-element-c2d1db9 elementor-widget elementor-widget-text-editor\" data-id=\"c2d1db9\" data-element_type=\"widget\" data-e-type=\"widget\" data-widget_type=\"text-editor.default\">\n\t\t\t\t<div class=\"elementor-widget-container\">\n\t\t\t\t\t\t\t\t\t<h1>Legal Notice<\/h1>\n<h2>Information according to \u00a7 5 TMG<\/h2>\n<p>Kerstin Fl\u00fcgge<br \/>Fl\u00fcgge Consulting<br \/>Weinbergstra\u00dfe 1<br \/>65193 Wiesbaden<\/p>\n<h2>Contact<\/h2>\n<p>Telephone: +49-611 531 57 47<br \/>Telefax: +49-611 53 23 643<br \/>E-Mail: info@fluegge-consulting.com<\/p>\n<h2>Sales tax ID<\/h2>\n<p>Sales tax identification number according to \u00a7 27 a sales tax law:<br \/>DE280922838<\/p>\n<h2>Credit<\/h2>\n<p><span style=\"color: #000000;\"><a style=\"color: #000000;\" href=\"https:\/\/www.vanovi.design\" target=\"_blank\" rel=\"noopener\">Webdesign from Vanovi Design GmbH<\/a><\/span><\/p>\n<p>Photos from Picture People, Bochum<\/p>\n\t\t\t\t\t\t\t\t<\/div>\n\t\t\t\t<\/div>\n\t\t\t\t\t<\/div>\n\t\t\t\t<\/div>\n\t\t\t\t<\/div>\n\t\t","protected":false},"excerpt":{"rendered":"<p>Legal Notice Information according to \u00a7 5 TMG Kerstin Fl\u00fcggeFl\u00fcgge ConsultingWeinbergstra\u00dfe 165193 Wiesbaden Contact Telephone: +49-611 531 57 47Telefax: +49-611 53 23 643E-Mail: info@fluegge-consulting.com Sales tax ID Sales tax identification number according to \u00a7 27 a sales tax law:DE280922838 Credit Webdesign from Vanovi Design GmbH Photos from Picture People, Bochum<\/p>\n","protected":false},"author":2,"featured_media":0,"parent":0,"menu_order":0,"comment_status":"closed","ping_status":"closed","template":"","meta":{"footnotes":""},"class_list":["post-1213","page","type-page","status-publish","hentry"],"_links":{"self":[{"href":"https:\/\/fluegge-consulting.com\/en\/wp-json\/wp\/v2\/pages\/1213","targetHints":{"allow":["GET"]}}],"collection":[{"href":"https:\/\/fluegge-consulting.com\/en\/wp-json\/wp\/v2\/pages"}],"about":[{"href":"https:\/\/fluegge-consulting.com\/en\/wp-json\/wp\/v2\/types\/page"}],"author":[{"embeddable":true,"href":"https:\/\/fluegge-consulting.com\/en\/wp-json\/wp\/v2\/users\/2"}],"replies":[{"embeddable":true,"href":"https:\/\/fluegge-consulting.com\/en\/wp-json\/wp\/v2\/comments?post=1213"}],"version-history":[{"count":6,"href":"https:\/\/fluegge-consulting.com\/en\/wp-json\/wp\/v2\/pages\/1213\/revisions"}],"predecessor-version":[{"id":1519,"href":"https:\/\/fluegge-consulting.com\/en\/wp-json\/wp\/v2\/pages\/1213\/revisions\/1519"}],"wp:attachment":[{"href":"https:\/\/fluegge-consulting.com\/en\/wp-json\/wp\/v2\/media?parent=1213"}],"curies":[{"name":"wp","href":"https:\/\/api.w.org\/{rel}","templated":true}]}}